{"id":206725,"date":"2024-07-03T03:43:02","date_gmt":"2024-07-03T01:43:02","guid":{"rendered":"https:\/\/lessmann.com\/applications\/"},"modified":"2025-11-28T00:31:14","modified_gmt":"2025-11-27T22:31:14","slug":"applications","status":"publish","type":"page","link":"https:\/\/lessmann.com\/es\/applications\/","title":{"rendered":"Aplicaciones"},"content":{"rendered":"\t\t<div data-elementor-type=\"wp-page\" data-elementor-id=\"206725\" class=\"elementor elementor-206725 elementor-87772\" data-elementor-post-type=\"page\">\n\t\t\t\t<div class=\"elementor-element elementor-element-b085a17 e-flex e-con-boxed e-con e-parent\" data-id=\"b085a17\" data-element_type=\"container\" data-e-type=\"container\">\n\t\t\t\t\t<div class=\"e-con-inner\">\n\t\t<div class=\"elementor-element elementor-element-7908ed3 e-con-full e-flex e-con e-child\" data-id=\"7908ed3\" data-element_type=\"container\" data-e-type=\"container\">\n\t\t\t\t<div class=\"elementor-element elementor-element-bcb74ce elementor-widget elementor-widget-heading\" data-id=\"bcb74ce\" data-element_type=\"widget\" data-e-type=\"widget\" data-widget_type=\"heading.default\">\n\t\t\t\t\t<span class=\"elementor-heading-title elementor-size-default\">Aplicaciones<\/span>\t\t\t\t<\/div>\n\t\t\t\t<div class=\"elementor-element elementor-element-d7fb522 productCategTitle elementor-widget elementor-widget-heading\" data-id=\"d7fb522\" data-element_type=\"widget\" data-e-type=\"widget\" data-widget_type=\"heading.default\">\n\t\t\t\t\t<h2 class=\"elementor-heading-title elementor-size-default\">No hay aplicaci\u00f3n <br>sin pinceles<\/h2>\t\t\t\t<\/div>\n\t\t\t\t<\/div>\n\t\t\t\t<div class=\"elementor-element elementor-element-fcb9632 elementor-widget__width-initial elementor-widget elementor-widget-button\" data-id=\"fcb9632\" data-element_type=\"widget\" data-e-type=\"widget\" data-widget_type=\"button.default\">\n\t\t\t\t\t\t\t\t\t\t<a class=\"elementor-button elementor-button-link elementor-size-sm\" href=\"https:\/\/catalog.lessmann.com\/books\/vihv\/\" target=\"_blank\">\n\t\t\t\t\t\t<span class=\"elementor-button-content-wrapper\">\n\t\t\t\t\t\t<span class=\"elementor-button-icon\">\n\t\t\t\t<svg aria-hidden=\"true\" class=\"e-font-icon-svg e-fas-caret-right\" viewBox=\"0 0 192 512\" xmlns=\"http:\/\/www.w3.org\/2000\/svg\"><path d=\"M0 384.662V127.338c0-17.818 21.543-26.741 34.142-14.142l128.662 128.662c7.81 7.81 7.81 20.474 0 28.284L34.142 398.804C21.543 411.404 0 402.48 0 384.662z\"><\/path><\/svg>\t\t\t<\/span>\n\t\t\t\t\t\t\t\t\t<span class=\"elementor-button-text\">Al cat\u00e1logo flip<\/span>\n\t\t\t\t\t<\/span>\n\t\t\t\t\t<\/a>\n\t\t\t\t\t\t\t\t<\/div>\n\t\t\t\t\t<\/div>\n\t\t\t\t<\/div>\n\t\t<div class=\"elementor-element elementor-element-dec9aca e-flex e-con-boxed e-con e-parent\" data-id=\"dec9aca\" data-element_type=\"container\" data-e-type=\"container\">\n\t\t\t\t\t<div class=\"e-con-inner\">\n\t\t\t\t<div class=\"elementor-element elementor-element-adc9617 elementor-widget elementor-widget-jet-listing-grid\" data-id=\"adc9617\" data-element_type=\"widget\" data-e-type=\"widget\" data-settings=\"{&quot;columns&quot;:&quot;2&quot;,&quot;columns_tablet&quot;:&quot;1&quot;}\" data-widget_type=\"jet-listing-grid.default\">\n\t\t\t\t<div class=\"elementor-widget-container\">\n\t\t\t\t\t<div class=\"jet-listing-grid jet-listing\"><div class=\"jet-listing-grid__items grid-col-desk-2 grid-col-tablet-1 grid-col-mobile-1 jet-listing-grid--87795\" data-queried-id=\"206725|WP_Post\" data-nav=\"{&quot;enabled&quot;:false,&quot;type&quot;:null,&quot;more_el&quot;:null,&quot;query&quot;:[],&quot;widget_settings&quot;:{&quot;lisitng_id&quot;:87795,&quot;posts_num&quot;:6,&quot;columns&quot;:2,&quot;columns_tablet&quot;:1,&quot;columns_mobile&quot;:1,&quot;column_min_width&quot;:240,&quot;column_min_width_tablet&quot;:240,&quot;column_min_width_mobile&quot;:240,&quot;inline_columns_css&quot;:false,&quot;is_archive_template&quot;:&quot;&quot;,&quot;post_status&quot;:[&quot;publish&quot;],&quot;use_random_posts_num&quot;:&quot;&quot;,&quot;max_posts_num&quot;:9,&quot;not_found_message&quot;:&quot;No se encontraron datos&quot;,&quot;is_masonry&quot;:false,&quot;equal_columns_height&quot;:&quot;&quot;,&quot;use_load_more&quot;:&quot;&quot;,&quot;load_more_id&quot;:&quot;&quot;,&quot;load_more_type&quot;:&quot;click&quot;,&quot;load_more_offset&quot;:{&quot;unit&quot;:&quot;px&quot;,&quot;size&quot;:0,&quot;sizes&quot;:[]},&quot;use_custom_post_types&quot;:&quot;&quot;,&quot;custom_post_types&quot;:[],&quot;hide_widget_if&quot;:&quot;&quot;,&quot;carousel_enabled&quot;:&quot;&quot;,&quot;slides_to_scroll&quot;:&quot;1&quot;,&quot;arrows&quot;:&quot;true&quot;,&quot;arrow_icon&quot;:&quot;fa fa-angle-left&quot;,&quot;dots&quot;:&quot;&quot;,&quot;autoplay&quot;:&quot;true&quot;,&quot;pause_on_hover&quot;:&quot;true&quot;,&quot;autoplay_speed&quot;:5000,&quot;infinite&quot;:&quot;true&quot;,&quot;center_mode&quot;:&quot;&quot;,&quot;effect&quot;:&quot;slide&quot;,&quot;speed&quot;:500,&quot;inject_alternative_items&quot;:&quot;&quot;,&quot;injection_items&quot;:[],&quot;scroll_slider_enabled&quot;:&quot;&quot;,&quot;scroll_slider_on&quot;:[&quot;desktop&quot;,&quot;tablet&quot;,&quot;mobile&quot;],&quot;custom_query&quot;:&quot;yes&quot;,&quot;custom_query_id&quot;:&quot;77&quot;,&quot;_element_id&quot;:&quot;&quot;,&quot;collapse_first_last_gap&quot;:false,&quot;list_tag_selection&quot;:&quot;&quot;,&quot;list_items_wrapper_tag&quot;:&quot;div&quot;,&quot;list_item_tag&quot;:&quot;div&quot;,&quot;empty_items_wrapper_tag&quot;:&quot;div&quot;}}\" data-page=\"1\" data-pages=\"1\" data-listing-source=\"query\" data-listing-id=\"87795\" data-query-id=\"77\"><div class=\"jet-listing-grid__item jet-listing-dynamic-post-666\" data-post-id=\"666\"  ><style type=\"text\/css\">.jet-listing-dynamic-post-666 .elementor-element.elementor-element-2685fbb:not(.elementor-motion-effects-element-type-background), .jet-listing-dynamic-post-666 .elementor-element.elementor-element-2685fbb > .elementor-motion-effects-container > .elementor-motion-effects-layer{background-image:url(\"https:\/\/lessmann.com\/wp-content\/uploads\/2025\/10\/Hintergrundbild-Industrie.jpg\");}<\/style><div class=\"jet-engine-listing-overlay-wrap\" data-url=\"https:\/\/lessmann.com\/es\/anwendung\/lessmann-establece-nuevos-estandares-en-ingenieria-quimica\/\">\t\t<div data-elementor-type=\"jet-listing-items\" data-elementor-id=\"207011\" class=\"elementor elementor-207011 elementor-106762 elementor-106762\" data-elementor-post-type=\"jet-engine\">\n\t\t\t\t<div class=\"elementor-element elementor-element-2685fbb e-con-full e-flex e-con e-parent\" data-id=\"2685fbb\" data-element_type=\"container\" data-e-type=\"container\" data-settings=\"{&quot;background_background&quot;:&quot;classic&quot;}\">\n\t\t\t\t<div class=\"elementor-element elementor-element-d235138 elementor-widget elementor-widget-heading\" data-id=\"d235138\" data-element_type=\"widget\" data-e-type=\"widget\" data-widget_type=\"heading.default\">\n\t\t\t\t\t<h2 class=\"elementor-heading-title elementor-size-default\">Lessmann establece nuevos est\u00e1ndares en ingenier\u00eda qu\u00edmica<\/h2>\t\t\t\t<\/div>\n\t\t\t\t<div class=\"elementor-element elementor-element-d8b6765 elementor-widget elementor-widget-button\" data-id=\"d8b6765\" data-element_type=\"widget\" data-e-type=\"widget\" data-widget_type=\"button.default\">\n\t\t\t\t\t\t\t\t\t\t<a class=\"elementor-button elementor-button-link elementor-size-sm\" href=\"https:\/\/lessmann.com\/es\/anwendung\/lessmann-establece-nuevos-estandares-en-ingenieria-quimica\/\">\n\t\t\t\t\t\t<span class=\"elementor-button-content-wrapper\">\n\t\t\t\t\t\t<span class=\"elementor-button-icon\">\n\t\t\t\t<svg aria-hidden=\"true\" class=\"e-font-icon-svg e-fas-caret-right\" viewBox=\"0 0 192 512\" xmlns=\"http:\/\/www.w3.org\/2000\/svg\"><path d=\"M0 384.662V127.338c0-17.818 21.543-26.741 34.142-14.142l128.662 128.662c7.81 7.81 7.81 20.474 0 28.284L34.142 398.804C21.543 411.404 0 402.48 0 384.662z\"><\/path><\/svg>\t\t\t<\/span>\n\t\t\t\t\t\t\t\t\t<span class=\"elementor-button-text\">M\u00e1s informaci\u00f3n<\/span>\n\t\t\t\t\t<\/span>\n\t\t\t\t\t<\/a>\n\t\t\t\t\t\t\t\t<\/div>\n\t\t\t\t<\/div>\n\t\t\t\t<\/div>\n\t\t<a href=\"https:\/\/lessmann.com\/es\/anwendung\/lessmann-establece-nuevos-estandares-en-ingenieria-quimica\/\" class=\"jet-engine-listing-overlay-link\"><\/a><\/div><\/div><div class=\"jet-listing-grid__item jet-listing-dynamic-post-438\" data-post-id=\"438\"  ><style type=\"text\/css\">.jet-listing-dynamic-post-438 .elementor-element.elementor-element-2685fbb:not(.elementor-motion-effects-element-type-background), .jet-listing-dynamic-post-438 .elementor-element.elementor-element-2685fbb > .elementor-motion-effects-container > .elementor-motion-effects-layer{background-image:url(\"https:\/\/lessmann.com\/wp-content\/uploads\/2024\/06\/Anwendung_Oberflaechenbearb_Pipeline-scaled.jpg\");}<\/style><div class=\"jet-engine-listing-overlay-wrap\" data-url=\"https:\/\/lessmann.com\/es\/anwendung\/tratamiento-superficies\/\">\t\t<div data-elementor-type=\"jet-listing-items\" data-elementor-id=\"207011\" class=\"elementor elementor-207011 elementor-106762 elementor-106762\" data-elementor-post-type=\"jet-engine\">\n\t\t\t\t<div class=\"elementor-element elementor-element-2685fbb e-con-full e-flex e-con e-parent\" data-id=\"2685fbb\" data-element_type=\"container\" data-e-type=\"container\" data-settings=\"{&quot;background_background&quot;:&quot;classic&quot;}\">\n\t\t\t\t<div class=\"elementor-element elementor-element-d235138 elementor-widget elementor-widget-heading\" data-id=\"d235138\" data-element_type=\"widget\" data-e-type=\"widget\" data-widget_type=\"heading.default\">\n\t\t\t\t\t<h2 class=\"elementor-heading-title elementor-size-default\">Tratamiento de superficies<\/h2>\t\t\t\t<\/div>\n\t\t\t\t<div class=\"elementor-element elementor-element-d8b6765 elementor-widget elementor-widget-button\" data-id=\"d8b6765\" data-element_type=\"widget\" data-e-type=\"widget\" data-widget_type=\"button.default\">\n\t\t\t\t\t\t\t\t\t\t<a class=\"elementor-button elementor-button-link elementor-size-sm\" href=\"https:\/\/lessmann.com\/es\/anwendung\/tratamiento-superficies\/\">\n\t\t\t\t\t\t<span class=\"elementor-button-content-wrapper\">\n\t\t\t\t\t\t<span class=\"elementor-button-icon\">\n\t\t\t\t<svg aria-hidden=\"true\" class=\"e-font-icon-svg e-fas-caret-right\" viewBox=\"0 0 192 512\" xmlns=\"http:\/\/www.w3.org\/2000\/svg\"><path d=\"M0 384.662V127.338c0-17.818 21.543-26.741 34.142-14.142l128.662 128.662c7.81 7.81 7.81 20.474 0 28.284L34.142 398.804C21.543 411.404 0 402.48 0 384.662z\"><\/path><\/svg>\t\t\t<\/span>\n\t\t\t\t\t\t\t\t\t<span class=\"elementor-button-text\">M\u00e1s informaci\u00f3n<\/span>\n\t\t\t\t\t<\/span>\n\t\t\t\t\t<\/a>\n\t\t\t\t\t\t\t\t<\/div>\n\t\t\t\t<\/div>\n\t\t\t\t<\/div>\n\t\t<a href=\"https:\/\/lessmann.com\/es\/anwendung\/tratamiento-superficies\/\" class=\"jet-engine-listing-overlay-link\"><\/a><\/div><\/div><div class=\"jet-listing-grid__item jet-listing-dynamic-post-435\" data-post-id=\"435\"  ><style type=\"text\/css\">.jet-listing-dynamic-post-435 .elementor-element.elementor-element-2685fbb:not(.elementor-motion-effects-element-type-background), .jet-listing-dynamic-post-435 .elementor-element.elementor-element-2685fbb > .elementor-motion-effects-container > .elementor-motion-effects-layer{background-image:url(\"https:\/\/lessmann.com\/wp-content\/uploads\/2024\/05\/Branche_MABau_SpontanWalze-scaled-e1718267038661.jpg\");}<\/style><div class=\"jet-engine-listing-overlay-wrap\" data-url=\"https:\/\/lessmann.com\/es\/anwendung\/desbarbado\/\">\t\t<div data-elementor-type=\"jet-listing-items\" data-elementor-id=\"207011\" class=\"elementor elementor-207011 elementor-106762 elementor-106762\" data-elementor-post-type=\"jet-engine\">\n\t\t\t\t<div class=\"elementor-element elementor-element-2685fbb e-con-full e-flex e-con e-parent\" data-id=\"2685fbb\" data-element_type=\"container\" data-e-type=\"container\" data-settings=\"{&quot;background_background&quot;:&quot;classic&quot;}\">\n\t\t\t\t<div class=\"elementor-element elementor-element-d235138 elementor-widget elementor-widget-heading\" data-id=\"d235138\" data-element_type=\"widget\" data-e-type=\"widget\" data-widget_type=\"heading.default\">\n\t\t\t\t\t<h2 class=\"elementor-heading-title elementor-size-default\">Desbarbado<\/h2>\t\t\t\t<\/div>\n\t\t\t\t<div class=\"elementor-element elementor-element-d8b6765 elementor-widget elementor-widget-button\" data-id=\"d8b6765\" data-element_type=\"widget\" data-e-type=\"widget\" data-widget_type=\"button.default\">\n\t\t\t\t\t\t\t\t\t\t<a class=\"elementor-button elementor-button-link elementor-size-sm\" href=\"https:\/\/lessmann.com\/es\/anwendung\/desbarbado\/\">\n\t\t\t\t\t\t<span class=\"elementor-button-content-wrapper\">\n\t\t\t\t\t\t<span class=\"elementor-button-icon\">\n\t\t\t\t<svg aria-hidden=\"true\" class=\"e-font-icon-svg e-fas-caret-right\" viewBox=\"0 0 192 512\" xmlns=\"http:\/\/www.w3.org\/2000\/svg\"><path d=\"M0 384.662V127.338c0-17.818 21.543-26.741 34.142-14.142l128.662 128.662c7.81 7.81 7.81 20.474 0 28.284L34.142 398.804C21.543 411.404 0 402.48 0 384.662z\"><\/path><\/svg>\t\t\t<\/span>\n\t\t\t\t\t\t\t\t\t<span class=\"elementor-button-text\">M\u00e1s informaci\u00f3n<\/span>\n\t\t\t\t\t<\/span>\n\t\t\t\t\t<\/a>\n\t\t\t\t\t\t\t\t<\/div>\n\t\t\t\t<\/div>\n\t\t\t\t<\/div>\n\t\t<a href=\"https:\/\/lessmann.com\/es\/anwendung\/desbarbado\/\" class=\"jet-engine-listing-overlay-link\"><\/a><\/div><\/div><div class=\"jet-listing-grid__item jet-listing-dynamic-post-439\" data-post-id=\"439\"  ><style type=\"text\/css\">.jet-listing-dynamic-post-439 .elementor-element.elementor-element-2685fbb:not(.elementor-motion-effects-element-type-background), .jet-listing-dynamic-post-439 .elementor-element.elementor-element-2685fbb > .elementor-motion-effects-container > .elementor-motion-effects-layer{background-image:url(\"https:\/\/lessmann.com\/wp-content\/uploads\/2024\/06\/Anwendung_Reinigen_Zylinderbuerste-1-e1719907142872.jpg\");}<\/style><div class=\"jet-engine-listing-overlay-wrap\" data-url=\"https:\/\/lessmann.com\/es\/anwendung\/limpieza\/\">\t\t<div data-elementor-type=\"jet-listing-items\" data-elementor-id=\"207011\" class=\"elementor elementor-207011 elementor-106762 elementor-106762\" data-elementor-post-type=\"jet-engine\">\n\t\t\t\t<div class=\"elementor-element elementor-element-2685fbb e-con-full e-flex e-con e-parent\" data-id=\"2685fbb\" data-element_type=\"container\" data-e-type=\"container\" data-settings=\"{&quot;background_background&quot;:&quot;classic&quot;}\">\n\t\t\t\t<div class=\"elementor-element elementor-element-d235138 elementor-widget elementor-widget-heading\" data-id=\"d235138\" data-element_type=\"widget\" data-e-type=\"widget\" data-widget_type=\"heading.default\">\n\t\t\t\t\t<h2 class=\"elementor-heading-title elementor-size-default\">Limpieza<\/h2>\t\t\t\t<\/div>\n\t\t\t\t<div class=\"elementor-element elementor-element-d8b6765 elementor-widget elementor-widget-button\" data-id=\"d8b6765\" data-element_type=\"widget\" data-e-type=\"widget\" data-widget_type=\"button.default\">\n\t\t\t\t\t\t\t\t\t\t<a class=\"elementor-button elementor-button-link elementor-size-sm\" href=\"https:\/\/lessmann.com\/es\/anwendung\/limpieza\/\">\n\t\t\t\t\t\t<span class=\"elementor-button-content-wrapper\">\n\t\t\t\t\t\t<span class=\"elementor-button-icon\">\n\t\t\t\t<svg aria-hidden=\"true\" class=\"e-font-icon-svg e-fas-caret-right\" viewBox=\"0 0 192 512\" xmlns=\"http:\/\/www.w3.org\/2000\/svg\"><path d=\"M0 384.662V127.338c0-17.818 21.543-26.741 34.142-14.142l128.662 128.662c7.81 7.81 7.81 20.474 0 28.284L34.142 398.804C21.543 411.404 0 402.48 0 384.662z\"><\/path><\/svg>\t\t\t<\/span>\n\t\t\t\t\t\t\t\t\t<span class=\"elementor-button-text\">M\u00e1s informaci\u00f3n<\/span>\n\t\t\t\t\t<\/span>\n\t\t\t\t\t<\/a>\n\t\t\t\t\t\t\t\t<\/div>\n\t\t\t\t<\/div>\n\t\t\t\t<\/div>\n\t\t<a href=\"https:\/\/lessmann.com\/es\/anwendung\/limpieza\/\" class=\"jet-engine-listing-overlay-link\"><\/a><\/div><\/div><div class=\"jet-listing-grid__item jet-listing-dynamic-post-436\" data-post-id=\"436\"  ><style type=\"text\/css\">.jet-listing-dynamic-post-436 .elementor-element.elementor-element-2685fbb:not(.elementor-motion-effects-element-type-background), .jet-listing-dynamic-post-436 .elementor-element.elementor-element-2685fbb > .elementor-motion-effects-container > .elementor-motion-effects-layer{background-image:url(\"https:\/\/lessmann.com\/wp-content\/uploads\/2024\/06\/Anwendung_Abdichten_Streifenbuerste-e1720517462871.jpg\");}<\/style><div class=\"jet-engine-listing-overlay-wrap\" data-url=\"https:\/\/lessmann.com\/es\/anwendung\/sellado\/\">\t\t<div data-elementor-type=\"jet-listing-items\" data-elementor-id=\"207011\" class=\"elementor elementor-207011 elementor-106762 elementor-106762\" data-elementor-post-type=\"jet-engine\">\n\t\t\t\t<div class=\"elementor-element elementor-element-2685fbb e-con-full e-flex e-con e-parent\" data-id=\"2685fbb\" data-element_type=\"container\" data-e-type=\"container\" data-settings=\"{&quot;background_background&quot;:&quot;classic&quot;}\">\n\t\t\t\t<div class=\"elementor-element elementor-element-d235138 elementor-widget elementor-widget-heading\" data-id=\"d235138\" data-element_type=\"widget\" data-e-type=\"widget\" data-widget_type=\"heading.default\">\n\t\t\t\t\t<h2 class=\"elementor-heading-title elementor-size-default\">Sellado<\/h2>\t\t\t\t<\/div>\n\t\t\t\t<div class=\"elementor-element elementor-element-d8b6765 elementor-widget elementor-widget-button\" data-id=\"d8b6765\" data-element_type=\"widget\" data-e-type=\"widget\" data-widget_type=\"button.default\">\n\t\t\t\t\t\t\t\t\t\t<a class=\"elementor-button elementor-button-link elementor-size-sm\" href=\"https:\/\/lessmann.com\/es\/anwendung\/sellado\/\">\n\t\t\t\t\t\t<span class=\"elementor-button-content-wrapper\">\n\t\t\t\t\t\t<span class=\"elementor-button-icon\">\n\t\t\t\t<svg aria-hidden=\"true\" class=\"e-font-icon-svg e-fas-caret-right\" viewBox=\"0 0 192 512\" xmlns=\"http:\/\/www.w3.org\/2000\/svg\"><path d=\"M0 384.662V127.338c0-17.818 21.543-26.741 34.142-14.142l128.662 128.662c7.81 7.81 7.81 20.474 0 28.284L34.142 398.804C21.543 411.404 0 402.48 0 384.662z\"><\/path><\/svg>\t\t\t<\/span>\n\t\t\t\t\t\t\t\t\t<span class=\"elementor-button-text\">M\u00e1s informaci\u00f3n<\/span>\n\t\t\t\t\t<\/span>\n\t\t\t\t\t<\/a>\n\t\t\t\t\t\t\t\t<\/div>\n\t\t\t\t<\/div>\n\t\t\t\t<\/div>\n\t\t<a href=\"https:\/\/lessmann.com\/es\/anwendung\/sellado\/\" class=\"jet-engine-listing-overlay-link\"><\/a><\/div><\/div><div class=\"jet-listing-grid__item jet-listing-dynamic-post-437\" data-post-id=\"437\"  ><style type=\"text\/css\">.jet-listing-dynamic-post-437 .elementor-element.elementor-element-2685fbb:not(.elementor-motion-effects-element-type-background), .jet-listing-dynamic-post-437 .elementor-element.elementor-element-2685fbb > .elementor-motion-effects-container > .elementor-motion-effects-layer{background-image:url(\"https:\/\/lessmann.com\/wp-content\/uploads\/2024\/05\/Branche_Schiff_entlacken.jpg\");}<\/style><div class=\"jet-engine-listing-overlay-wrap\" data-url=\"https:\/\/lessmann.com\/es\/anwendung\/escurrir-retirar-aplicar\/\">\t\t<div data-elementor-type=\"jet-listing-items\" data-elementor-id=\"207011\" class=\"elementor elementor-207011 elementor-106762 elementor-106762\" data-elementor-post-type=\"jet-engine\">\n\t\t\t\t<div class=\"elementor-element elementor-element-2685fbb e-con-full e-flex e-con e-parent\" data-id=\"2685fbb\" data-element_type=\"container\" data-e-type=\"container\" data-settings=\"{&quot;background_background&quot;:&quot;classic&quot;}\">\n\t\t\t\t<div class=\"elementor-element elementor-element-d235138 elementor-widget elementor-widget-heading\" data-id=\"d235138\" data-element_type=\"widget\" data-e-type=\"widget\" data-widget_type=\"heading.default\">\n\t\t\t\t\t<h2 class=\"elementor-heading-title elementor-size-default\">Escurrir \/ Retirar \/ Aplicar<\/h2>\t\t\t\t<\/div>\n\t\t\t\t<div class=\"elementor-element elementor-element-d8b6765 elementor-widget elementor-widget-button\" data-id=\"d8b6765\" data-element_type=\"widget\" data-e-type=\"widget\" data-widget_type=\"button.default\">\n\t\t\t\t\t\t\t\t\t\t<a class=\"elementor-button elementor-button-link elementor-size-sm\" href=\"https:\/\/lessmann.com\/es\/anwendung\/escurrir-retirar-aplicar\/\">\n\t\t\t\t\t\t<span class=\"elementor-button-content-wrapper\">\n\t\t\t\t\t\t<span class=\"elementor-button-icon\">\n\t\t\t\t<svg aria-hidden=\"true\" class=\"e-font-icon-svg e-fas-caret-right\" viewBox=\"0 0 192 512\" xmlns=\"http:\/\/www.w3.org\/2000\/svg\"><path d=\"M0 384.662V127.338c0-17.818 21.543-26.741 34.142-14.142l128.662 128.662c7.81 7.81 7.81 20.474 0 28.284L34.142 398.804C21.543 411.404 0 402.48 0 384.662z\"><\/path><\/svg>\t\t\t<\/span>\n\t\t\t\t\t\t\t\t\t<span class=\"elementor-button-text\">M\u00e1s informaci\u00f3n<\/span>\n\t\t\t\t\t<\/span>\n\t\t\t\t\t<\/a>\n\t\t\t\t\t\t\t\t<\/div>\n\t\t\t\t<\/div>\n\t\t\t\t<\/div>\n\t\t<a href=\"https:\/\/lessmann.com\/es\/anwendung\/escurrir-retirar-aplicar\/\" class=\"jet-engine-listing-overlay-link\"><\/a><\/div><\/div><div class=\"jet-listing-grid__item jet-listing-dynamic-post-440\" data-post-id=\"440\"  ><style type=\"text\/css\">.jet-listing-dynamic-post-440 .elementor-element.elementor-element-2685fbb:not(.elementor-motion-effects-element-type-background), .jet-listing-dynamic-post-440 .elementor-element.elementor-element-2685fbb > .elementor-motion-effects-container > .elementor-motion-effects-layer{background-image:url(\"https:\/\/lessmann.com\/wp-content\/uploads\/2024\/05\/Branche_Kunststoff_Transportieren-scaled-e1718266388840.jpeg\");}<\/style><div class=\"jet-engine-listing-overlay-wrap\" data-url=\"https:\/\/lessmann.com\/es\/anwendung\/transporte\/\">\t\t<div data-elementor-type=\"jet-listing-items\" data-elementor-id=\"207011\" class=\"elementor elementor-207011 elementor-106762 elementor-106762\" data-elementor-post-type=\"jet-engine\">\n\t\t\t\t<div class=\"elementor-element elementor-element-2685fbb e-con-full e-flex e-con e-parent\" data-id=\"2685fbb\" data-element_type=\"container\" data-e-type=\"container\" data-settings=\"{&quot;background_background&quot;:&quot;classic&quot;}\">\n\t\t\t\t<div class=\"elementor-element elementor-element-d235138 elementor-widget elementor-widget-heading\" data-id=\"d235138\" data-element_type=\"widget\" data-e-type=\"widget\" data-widget_type=\"heading.default\">\n\t\t\t\t\t<h2 class=\"elementor-heading-title elementor-size-default\">Transporte<\/h2>\t\t\t\t<\/div>\n\t\t\t\t<div class=\"elementor-element elementor-element-d8b6765 elementor-widget elementor-widget-button\" data-id=\"d8b6765\" data-element_type=\"widget\" data-e-type=\"widget\" data-widget_type=\"button.default\">\n\t\t\t\t\t\t\t\t\t\t<a class=\"elementor-button elementor-button-link elementor-size-sm\" href=\"https:\/\/lessmann.com\/es\/anwendung\/transporte\/\">\n\t\t\t\t\t\t<span class=\"elementor-button-content-wrapper\">\n\t\t\t\t\t\t<span class=\"elementor-button-icon\">\n\t\t\t\t<svg aria-hidden=\"true\" class=\"e-font-icon-svg e-fas-caret-right\" viewBox=\"0 0 192 512\" xmlns=\"http:\/\/www.w3.org\/2000\/svg\"><path d=\"M0 384.662V127.338c0-17.818 21.543-26.741 34.142-14.142l128.662 128.662c7.81 7.81 7.81 20.474 0 28.284L34.142 398.804C21.543 411.404 0 402.48 0 384.662z\"><\/path><\/svg>\t\t\t<\/span>\n\t\t\t\t\t\t\t\t\t<span class=\"elementor-button-text\">M\u00e1s informaci\u00f3n<\/span>\n\t\t\t\t\t<\/span>\n\t\t\t\t\t<\/a>\n\t\t\t\t\t\t\t\t<\/div>\n\t\t\t\t<\/div>\n\t\t\t\t<\/div>\n\t\t<a href=\"https:\/\/lessmann.com\/es\/anwendung\/transporte\/\" class=\"jet-engine-listing-overlay-link\"><\/a><\/div><\/div><\/div><\/div>\t\t\t\t<\/div>\n\t\t\t\t<\/div>\n\t\t\t\t\t<\/div>\n\t\t\t\t<\/div>\n\t\t\t\t<\/div>\n\t\t","protected":false},"excerpt":{"rendered":"<p>Aplicaciones No hay aplicaci\u00f3n sin pinceles Al cat\u00e1logo flip Edit query Further information Further information Further information Further information Further information Further information Further information<\/p>\n","protected":false},"author":2,"featured_media":203992,"parent":0,"menu_order":0,"comment_status":"closed","ping_status":"closed","template":"","meta":{"_seopress_robots_primary_cat":"","_seopress_titles_title":"","_seopress_titles_desc":"","_seopress_robots_index":"","footnotes":""},"class_list":["post-206725","page","type-page","status-publish","has-post-thumbnail","hentry"],"_links":{"self":[{"href":"https:\/\/lessmann.com\/es\/wp-json\/wp\/v2\/pages\/206725","targetHints":{"allow":["GET"]}}],"collection":[{"href":"https:\/\/lessmann.com\/es\/wp-json\/wp\/v2\/pages"}],"about":[{"href":"https:\/\/lessmann.com\/es\/wp-json\/wp\/v2\/types\/page"}],"author":[{"embeddable":true,"href":"https:\/\/lessmann.com\/es\/wp-json\/wp\/v2\/users\/2"}],"replies":[{"embeddable":true,"href":"https:\/\/lessmann.com\/es\/wp-json\/wp\/v2\/comments?post=206725"}],"version-history":[{"count":0,"href":"https:\/\/lessmann.com\/es\/wp-json\/wp\/v2\/pages\/206725\/revisions"}],"wp:featuredmedia":[{"embeddable":true,"href":"https:\/\/lessmann.com\/es\/wp-json\/wp\/v2\/media\/203992"}],"wp:attachment":[{"href":"https:\/\/lessmann.com\/es\/wp-json\/wp\/v2\/media?parent=206725"}],"curies":[{"name":"wp","href":"https:\/\/api.w.org\/{rel}","templated":true}]}}